{"id":4300,"date":"2017-03-09T15:04:27","date_gmt":"2017-03-09T15:04:27","guid":{"rendered":"http:\/\/rebellion.edge-themes.com\/?page_id=4300"},"modified":"2026-01-29T22:03:51","modified_gmt":"2026-01-29T22:03:51","slug":"infos","status":"publish","type":"page","link":"https:\/\/battleinthenord.com\/en\/battle-in-the-nord-fest\/infos\/","title":{"rendered":"Infos"},"content":{"rendered":"<div data-edgtf-parallax-speed=\"1\" class=\"vc_row wpb_row vc_row-fluid edgtf-section vc_custom_1725639158113 edgtf-content-aligment-center edgtf-parallax-section-holder edgtf-parallax-section-holder-touch-disabled edgtf-grid-section\" style=\"\"><div class=\"clearfix edgtf-section-inner\"><div class=\"edgtf-section-inner-margin clearfix\"><div class=\"wpb_column vc_column_container vc_col-sm-12\"><div class=\"vc_column-inner\"><div class=\"wpb_wrapper\"><div class=\"vc_row wpb_row vc_inner vc_row-fluid edgtf-section edgtf-content-aligment-left\" style=\"\"><div class=\"edgtf-full-section-inner\"><div class=\"wpb_column vc_column_container vc_col-sm-12\"><div class=\"vc_column-inner\"><div class=\"wpb_wrapper\">\n\t<div class=\"wpb_text_column wpb_content_element\" >\n\t\t<div class=\"wpb_wrapper\">\n\t\t\t<h2>Practical Information<\/h2>\n\n\t\t<\/div>\n\t<\/div>\n\n\t<div class=\"wpb_text_column wpb_content_element\" >\n\t\t<div class=\"wpb_wrapper\">\n\t\t\t<p>All the information you need to organize your visit to Battle in the Nord Fest 2026 is here: access, transportation, accommodation, and general practical information.<\/p>\n<p>Le festival se d\u00e9roule \u00e0 Wasquehal, dans la m\u00e9tropole lilloise (59), \u00e0 10 minutes de Lille.<\/p>\n\n\t\t<\/div>\n\t<\/div>\n<\/div><\/div><\/div><\/div><\/div><div class=\"vc_row wpb_row vc_inner vc_row-fluid edgtf-section edgtf-content-aligment-left edgtf-grid-section\" style=\"\"><div class=\"edgtf-section-inner\"><div class=\"edgtf-section-inner-margin clearfix\"><div class=\"wpb_column vc_column_container vc_col-sm-6\"><div class=\"vc_column-inner\"><div class=\"wpb_wrapper\"><div class=\"vc_empty_space\"   style=\"height: 32px\"><span class=\"vc_empty_space_inner\"><\/span><\/div>\n\t<div  class=\"wpb_single_image wpb_content_element vc_align_left\">\n\t\t\n\t\t<figure class=\"wpb_wrapper vc_figure\">\n\t\t\t<div class=\"vc_single_image-wrapper   vc_box_border_grey\"><img decoding=\"async\" width=\"1024\" height=\"456\" src=\"https:\/\/battleinthenord.com\/wp-content\/uploads\/2025\/10\/batiment-adresse-1024x456.jpg\" class=\"vc_single_image-img attachment-large\" alt=\"\" srcset=\"https:\/\/battleinthenord.com\/wp-content\/uploads\/2025\/10\/batiment-adresse-1024x456.jpg 1024w, https:\/\/battleinthenord.com\/wp-content\/uploads\/2025\/10\/batiment-adresse-300x134.jpg 300w, https:\/\/battleinthenord.com\/wp-content\/uploads\/2025\/10\/batiment-adresse-768x342.jpg 768w, https:\/\/battleinthenord.com\/wp-content\/uploads\/2025\/10\/batiment-adresse-18x8.jpg 18w, https:\/\/battleinthenord.com\/wp-content\/uploads\/2025\/10\/batiment-adresse.jpg 1280w\" sizes=\"(max-width: 1024px) 100vw, 1024px\" \/><\/div>\n\t\t<\/figure>\n\t<\/div>\n<\/div><\/div><\/div><div class=\"wpb_column vc_column_container vc_col-sm-6\"><div class=\"vc_column-inner\"><div class=\"wpb_wrapper\"><div class=\"vc_empty_space\"   style=\"height: 32px\"><span class=\"vc_empty_space_inner\"><\/span><\/div>\n\t<div class=\"wpb_text_column wpb_content_element\" >\n\t\t<div class=\"wpb_wrapper\">\n\t\t\t<h3>Festival Venue<\/h3>\n\n\t\t<\/div>\n\t<\/div>\n\n\t<div class=\"wpb_text_column wpb_content_element\" >\n\t\t<div class=\"wpb_wrapper\">\n\t\t\t<h4>THE BLACK LAB<\/h4>\n<p>P.A. de la Pilaterie<br \/>\nActiclub 3 \u2013 Bat I<br \/>\n8 rue des Champs<br \/>\n59290 WASQUEHAL<\/p>\n<p><strong>L\u2019entr\u00e9e public se situe au 12 rue de La Ladrie \u00e0 Villeneuve d\u2019Ascq.<\/strong><\/p>\n<p>Latitude : 50.652602 \u00a0\u2013\u00a0Longitude : 3.122069 \u2013 Altitude : 31 m\u00e8tres<br \/>\n50\u00b039\u201909.4\u2033N 3\u00b007\u201919.5\u2033E<\/p>\n\n\t\t<\/div>\n\t<\/div>\n\n\t<div class=\"wpb_text_column wpb_content_element\" >\n\t\t<div class=\"wpb_wrapper\">\n\t\t\t<p>The venue is accessible to people with reduced mobility.<br data-start=\"1382\" data-end=\"1385\" \/>Please contact us in advance if you have any specific requirements.<\/p>\n\n\t\t<\/div>\n\t<\/div>\n<\/div><\/div><\/div><\/div><\/div><\/div><\/div><\/div><\/div><\/div><\/div><\/div><div class=\"vc_row wpb_row vc_row-fluid edgtf-section edgtf-content-aligment-left edgtf-grid-section\" style=\"\"><div class=\"clearfix edgtf-section-inner\"><div class=\"edgtf-section-inner-margin clearfix\"><div class=\"wpb_column vc_column_container vc_col-sm-6\"><div class=\"vc_column-inner\"><div class=\"wpb_wrapper\"><div class=\"vc_empty_space\"   style=\"height: 32px\"><span class=\"vc_empty_space_inner\"><\/span><\/div>\n\t<div  class=\"wpb_single_image wpb_content_element vc_align_left\">\n\t\t\n\t\t<figure class=\"wpb_wrapper vc_figure\">\n\t\t\t<div class=\"vc_single_image-wrapper   vc_box_border_grey\"><img decoding=\"async\" width=\"1024\" height=\"456\" src=\"https:\/\/battleinthenord.com\/wp-content\/uploads\/2025\/10\/plan2-1024x456.jpg\" class=\"vc_single_image-img attachment-large\" alt=\"\" srcset=\"https:\/\/battleinthenord.com\/wp-content\/uploads\/2025\/10\/plan2-1024x456.jpg 1024w, https:\/\/battleinthenord.com\/wp-content\/uploads\/2025\/10\/plan2-300x134.jpg 300w, https:\/\/battleinthenord.com\/wp-content\/uploads\/2025\/10\/plan2-768x342.jpg 768w, https:\/\/battleinthenord.com\/wp-content\/uploads\/2025\/10\/plan2-18x8.jpg 18w, https:\/\/battleinthenord.com\/wp-content\/uploads\/2025\/10\/plan2.jpg 1280w\" sizes=\"(max-width: 1024px) 100vw, 1024px\" \/><\/div>\n\t\t<\/figure>\n\t<\/div>\n<div class=\"vc_empty_space\"   style=\"height: 32px\"><span class=\"vc_empty_space_inner\"><\/span><\/div><\/div><\/div><\/div><div class=\"wpb_column vc_column_container vc_col-sm-6\"><div class=\"vc_column-inner\"><div class=\"wpb_wrapper\"><div class=\"vc_empty_space\"   style=\"height: 32px\"><span class=\"vc_empty_space_inner\"><\/span><\/div>\n\t<div class=\"wpb_text_column wpb_content_element\" >\n\t\t<div class=\"wpb_wrapper\">\n\t\t\t<h3>By public transport<\/h3>\n<p>A 10 Minutes de Lille !<\/p>\n<p><strong>M\u00e9tro :<\/strong>\u00a0Ligne 2 Station : Les Pr\u00e9s \u2013 Edgard Pisani (Villeneuve d\u2019Ascq)<br \/>\nSitu\u00e9e \u00e0 600 m\u00e8tres \u00e0 pied<br \/>\nComptez \u00e0 peine 10 minutes en m\u00e9tro depuis les gares de Lille Flandres et Lille Europe.<br \/>\nDerniers d\u00e9parts : 00h07 vers CH Dron \/ 00h22 vers St. Philibert<\/p>\n\n\t\t<\/div>\n\t<\/div>\n\n\t<div class=\"wpb_text_column wpb_content_element\" >\n\t\t<div class=\"wpb_wrapper\">\n\t\t\t<p><strong>Venez en v\u00e9lo !<\/strong><br \/>\nNous ne sommes qu\u2019\u00e0 15 minutes du centre ville de Lille et plusieurs pistes vous am\u00e8nent presque devant chez nous.<\/p>\n<h3>By Car<\/h3>\n<ul>\n<li>Depuis Lille \u2192 10 minutes<\/li>\n<li>Don\u2019t worry pour vous garer, on a du parking agogo pour stationner.<\/li>\n<\/ul>\n\n\t\t<\/div>\n\t<\/div>\n\n\t<div class=\"wpb_text_column wpb_content_element\" >\n\t\t<div class=\"wpb_wrapper\">\n\t\t\t<h3>From other countries and regions<\/h3>\n<ul>\n<li>Lille Europe Station \/ Eurostar<\/li>\n<li>Lille Flandres TGV Train station<\/li>\n<li>Lille-Lesquin Airport (10 minutes by car)<\/li>\n<\/ul>\n\n\t\t<\/div>\n\t<\/div>\n<div class=\"vc_empty_space\"   style=\"height: 32px\"><span class=\"vc_empty_space_inner\"><\/span><\/div><\/div><\/div><\/div><\/div><\/div><\/div><div class=\"vc_row wpb_row vc_row-fluid edgtf-section edgtf-content-aligment-left edgtf-grid-section\" style=\"\"><div class=\"clearfix edgtf-section-inner\"><div class=\"edgtf-section-inner-margin clearfix\"><div class=\"wpb_column vc_column_container vc_col-sm-6\"><div class=\"vc_column-inner\"><div class=\"wpb_wrapper\"><div class=\"vc_empty_space\"   style=\"height: 32px\"><span class=\"vc_empty_space_inner\"><\/span><\/div>\n\t<div  class=\"wpb_single_image wpb_content_element vc_align_left\">\n\t\t\n\t\t<figure class=\"wpb_wrapper vc_figure\">\n\t\t\t<div class=\"vc_single_image-wrapper   vc_box_border_grey\"><img decoding=\"async\" width=\"612\" height=\"408\" src=\"https:\/\/battleinthenord.com\/wp-content\/uploads\/2025\/07\/hotel.jpg\" class=\"vc_single_image-img attachment-large\" alt=\"\" srcset=\"https:\/\/battleinthenord.com\/wp-content\/uploads\/2025\/07\/hotel.jpg 612w, https:\/\/battleinthenord.com\/wp-content\/uploads\/2025\/07\/hotel-300x200.jpg 300w\" sizes=\"(max-width: 612px) 100vw, 612px\" \/><\/div>\n\t\t<\/figure>\n\t<\/div>\n<div class=\"vc_empty_space\"   style=\"height: 32px\"><span class=\"vc_empty_space_inner\"><\/span><\/div><\/div><\/div><\/div><div class=\"wpb_column vc_column_container vc_col-sm-6\"><div class=\"vc_column-inner\"><div class=\"wpb_wrapper\"><div class=\"vc_empty_space\"   style=\"height: 32px\"><span class=\"vc_empty_space_inner\"><\/span><\/div>\n\t<div class=\"wpb_text_column wpb_content_element\" >\n\t\t<div class=\"wpb_wrapper\">\n\t\t\t<h3>Accommodation nearby<\/h3>\n<p>A selection of hotels, inns, and accommodation options will be available soon.<\/p>\n<p>Carpooling\/couchsurfing opportunities via our Facebook event.<\/p>\n\n\t\t<\/div>\n\t<\/div>\n<div class=\"vc_empty_space\"   style=\"height: 32px\"><span class=\"vc_empty_space_inner\"><\/span><\/div><\/div><\/div><\/div><\/div><\/div><\/div>","protected":false},"excerpt":{"rendered":"Infos Pratiques Toutes les infos pour organiser votre venue au Battle in the Nord Fest 2026 sont ici : acc\u00e8s, transport, h\u00e9bergements, et infos pratiques g\u00e9n\u00e9rales. Le festival se d\u00e9roule \u00e0 Wasquehal, dans la m\u00e9tropole lilloise (59), \u00e0 10 minutes de Lille. Lieu du Festival...","protected":false},"author":1,"featured_media":0,"parent":9596,"menu_order":0,"comment_status":"closed","ping_status":"closed","template":"full-width.php","meta":{"footnotes":""},"class_list":["post-4300","page","type-page","status-publish","hentry"],"_links":{"self":[{"href":"https:\/\/battleinthenord.com\/en\/wp-json\/wp\/v2\/pages\/4300","targetHints":{"allow":["GET"]}}],"collection":[{"href":"https:\/\/battleinthenord.com\/en\/wp-json\/wp\/v2\/pages"}],"about":[{"href":"https:\/\/battleinthenord.com\/en\/wp-json\/wp\/v2\/types\/page"}],"author":[{"embeddable":true,"href":"https:\/\/battleinthenord.com\/en\/wp-json\/wp\/v2\/users\/1"}],"replies":[{"embeddable":true,"href":"https:\/\/battleinthenord.com\/en\/wp-json\/wp\/v2\/comments?post=4300"}],"version-history":[{"count":22,"href":"https:\/\/battleinthenord.com\/en\/wp-json\/wp\/v2\/pages\/4300\/revisions"}],"predecessor-version":[{"id":9463,"href":"https:\/\/battleinthenord.com\/en\/wp-json\/wp\/v2\/pages\/4300\/revisions\/9463"}],"up":[{"embeddable":true,"href":"https:\/\/battleinthenord.com\/en\/wp-json\/wp\/v2\/pages\/9596"}],"wp:attachment":[{"href":"https:\/\/battleinthenord.com\/en\/wp-json\/wp\/v2\/media?parent=4300"}],"curies":[{"name":"wp","href":"https:\/\/api.w.org\/{rel}","templated":true}]}}