{"id":9277,"date":"2025-07-04T18:02:46","date_gmt":"2025-07-04T18:02:46","guid":{"rendered":"https:\/\/battleinthenord.com\/?page_id=9277"},"modified":"2026-01-29T22:04:17","modified_gmt":"2026-01-29T22:04:17","slug":"sur-place","status":"publish","type":"page","link":"https:\/\/battleinthenord.com\/en\/battle-in-the-nord-fest\/sur-place\/","title":{"rendered":"On site"},"content":{"rendered":"<div data-edgtf-parallax-speed=\"1\" class=\"vc_row wpb_row vc_row-fluid edgtf-section vc_custom_1725639158113 edgtf-content-aligment-center edgtf-parallax-section-holder edgtf-parallax-section-holder-touch-disabled edgtf-grid-section\" style=\"\"><div class=\"clearfix edgtf-section-inner\"><div class=\"edgtf-section-inner-margin clearfix\"><div class=\"wpb_column vc_column_container vc_col-sm-12\"><div class=\"vc_column-inner\"><div class=\"wpb_wrapper\"><div class=\"vc_row wpb_row vc_inner vc_row-fluid edgtf-section edgtf-content-aligment-left\" style=\"\"><div class=\"edgtf-full-section-inner\"><div class=\"wpb_column vc_column_container vc_col-sm-12\"><div class=\"vc_column-inner\"><div class=\"wpb_wrapper\">\n\t<div class=\"wpb_text_column wpb_content_element\" >\n\t\t<div class=\"wpb_wrapper\">\n\t\t\t<h2>On site<\/h2>\n\n\t\t<\/div>\n\t<\/div>\n\n\t<div class=\"wpb_text_column wpb_content_element\" >\n\t\t<div class=\"wpb_wrapper\">\n\t\t\t<p>During the two days of the festival, everything has been planned to ensure you enjoy the Battle in the Nord experience to the fullest. Bar, food, partner stands... and of course the official festival beer!<\/p>\n\n\t\t<\/div>\n\t<\/div>\n<\/div><\/div><\/div><\/div><\/div><div class=\"vc_row wpb_row vc_inner vc_row-fluid edgtf-section edgtf-content-aligment-left edgtf-grid-section\" style=\"\"><div class=\"edgtf-section-inner\"><div class=\"edgtf-section-inner-margin clearfix\"><div class=\"wpb_column vc_column_container vc_col-sm-6\"><div class=\"vc_column-inner\"><div class=\"wpb_wrapper\"><div class=\"vc_empty_space\"   style=\"height: 32px\"><span class=\"vc_empty_space_inner\"><\/span><\/div>\n\t<div  class=\"wpb_single_image wpb_content_element vc_align_left\">\n\t\t\n\t\t<figure class=\"wpb_wrapper vc_figure\">\n\t\t\t<div class=\"vc_single_image-wrapper   vc_box_border_grey\"><img decoding=\"async\" width=\"1024\" height=\"683\" src=\"https:\/\/battleinthenord.com\/wp-content\/uploads\/2025\/02\/DSC1759-1024x683.jpg\" class=\"vc_single_image-img attachment-large\" alt=\"\" srcset=\"https:\/\/battleinthenord.com\/wp-content\/uploads\/2025\/02\/DSC1759-1024x683.jpg 1024w, https:\/\/battleinthenord.com\/wp-content\/uploads\/2025\/02\/DSC1759-300x200.jpg 300w, https:\/\/battleinthenord.com\/wp-content\/uploads\/2025\/02\/DSC1759-768x512.jpg 768w, https:\/\/battleinthenord.com\/wp-content\/uploads\/2025\/02\/DSC1759-1536x1024.jpg 1536w, https:\/\/battleinthenord.com\/wp-content\/uploads\/2025\/02\/DSC1759.jpg 1920w\" sizes=\"(max-width: 1024px) 100vw, 1024px\" \/><\/div>\n\t\t<\/figure>\n\t<\/div>\n<div class=\"vc_empty_space\"   style=\"height: 32px\"><span class=\"vc_empty_space_inner\"><\/span><\/div><\/div><\/div><\/div><div class=\"wpb_column vc_column_container vc_col-sm-6\"><div class=\"vc_column-inner\"><div class=\"wpb_wrapper\"><div class=\"vc_empty_space\"   style=\"height: 32px\"><span class=\"vc_empty_space_inner\"><\/span><\/div>\n\t<div class=\"wpb_text_column wpb_content_element\" >\n\t\t<div class=\"wpb_wrapper\">\n\t\t\t<h2>Bar and Beers<\/h2>\n\n\t\t<\/div>\n\t<\/div>\n\n\t<div class=\"wpb_text_column wpb_content_element\" >\n\t\t<div class=\"wpb_wrapper\">\n\t\t\t<p>\ud83c\udf7b La Drache will be in the spotlight with its craft beers and its special edition dedicated to the festival.<br \/>\nThis is an opportunity to discover or rediscover their organic pure malt beers from the HdF and hops from Flanders.<\/p>\n<ul>\n<li>Returnable Fest eco-cups available<\/li>\n<li>Coffee, tea, and non-alcoholic beverages available<\/li>\n<\/ul>\n<p>To learn more about La Drache and follow them:<\/p>\n<ul>\n<li><a href=\"https:\/\/www.ladrache.fr\/\">https:\/\/www.ladrache.fr\/<\/a><\/li>\n<li><a href=\"https:\/\/www.facebook.com\/wattbeer\">https:\/\/www.facebook.com\/wattbeer<\/a><\/li>\n<\/ul>\n<p>Alcohol is prohibited for minors<br \/>\nIt is prohibited to bring beverages (soft or alcoholic) onto the festival grounds.<\/p>\n\n\t\t<\/div>\n\t<\/div>\n<\/div><\/div><\/div><\/div><\/div><\/div><div class=\"vc_row wpb_row vc_inner vc_row-fluid edgtf-section edgtf-content-aligment-left\" style=\"\"><div class=\"edgtf-full-section-inner\"><div class=\"wpb_column vc_column_container vc_col-sm-12\"><div class=\"vc_column-inner\"><div class=\"wpb_wrapper\"><div class=\"vc_empty_space\"   style=\"height: 32px\"><span class=\"vc_empty_space_inner\"><\/span><\/div>\n\t<div  class=\"wpb_single_image wpb_content_element vc_align_left\">\n\t\t\n\t\t<figure class=\"wpb_wrapper vc_figure\">\n\t\t\t<div class=\"vc_single_image-wrapper   vc_box_border_grey\"><img decoding=\"async\" width=\"1360\" height=\"627\" src=\"https:\/\/battleinthenord.com\/wp-content\/uploads\/2025\/07\/la-drache2.webp\" class=\"vc_single_image-img attachment-full\" alt=\"\" srcset=\"https:\/\/battleinthenord.com\/wp-content\/uploads\/2025\/07\/la-drache2.webp 1360w, https:\/\/battleinthenord.com\/wp-content\/uploads\/2025\/07\/la-drache2-300x138.webp 300w, https:\/\/battleinthenord.com\/wp-content\/uploads\/2025\/07\/la-drache2-1024x472.webp 1024w, https:\/\/battleinthenord.com\/wp-content\/uploads\/2025\/07\/la-drache2-768x354.webp 768w\" sizes=\"(max-width: 1360px) 100vw, 1360px\" \/><\/div>\n\t\t<\/figure>\n\t<\/div>\n<div class=\"vc_empty_space\"   style=\"height: 32px\"><span class=\"vc_empty_space_inner\"><\/span><\/div><\/div><\/div><\/div><\/div><\/div><\/div><\/div><\/div><\/div><\/div><\/div><div class=\"vc_row wpb_row vc_row-fluid edgtf-section edgtf-content-aligment-left edgtf-grid-section\" style=\"\"><div class=\"clearfix edgtf-section-inner\"><div class=\"edgtf-section-inner-margin clearfix\"><div class=\"wpb_column vc_column_container vc_col-sm-6\"><div class=\"vc_column-inner\"><div class=\"wpb_wrapper\"><div class=\"vc_empty_space\"   style=\"height: 32px\"><span class=\"vc_empty_space_inner\"><\/span><\/div>\n\t<div  class=\"wpb_single_image wpb_content_element vc_align_left\">\n\t\t\n\t\t<figure class=\"wpb_wrapper vc_figure\">\n\t\t\t<div class=\"vc_single_image-wrapper   vc_box_border_grey\"><img decoding=\"async\" width=\"626\" height=\"417\" src=\"https:\/\/battleinthenord.com\/wp-content\/uploads\/2025\/07\/hotdog-2.jpg\" class=\"vc_single_image-img attachment-large\" alt=\"\" srcset=\"https:\/\/battleinthenord.com\/wp-content\/uploads\/2025\/07\/hotdog-2.jpg 626w, https:\/\/battleinthenord.com\/wp-content\/uploads\/2025\/07\/hotdog-2-300x200.jpg 300w\" sizes=\"(max-width: 626px) 100vw, 626px\" \/><\/div>\n\t\t<\/figure>\n\t<\/div>\n<div class=\"vc_empty_space\"   style=\"height: 32px\"><span class=\"vc_empty_space_inner\"><\/span><\/div><\/div><\/div><\/div><div class=\"wpb_column vc_column_container vc_col-sm-6\"><div class=\"vc_column-inner\"><div class=\"wpb_wrapper\"><div class=\"vc_empty_space\"   style=\"height: 32px\"><span class=\"vc_empty_space_inner\"><\/span><\/div>\n\t<div class=\"wpb_text_column wpb_content_element\" >\n\t\t<div class=\"wpb_wrapper\">\n\t\t\t<h3>Restauration par le Black Lab<\/h3>\n<p>\u00ab\u00a0On s\u2019est aussi dit que bien manger, \u00e7a pourrait \u00eatre top. Alors on vous propose une offre de restauration en mode brasserie le midi et snacking le soir avec une carte gourmande con\u00e7ue par notre super cuistot. Et pour parfaire le tout, nous aussi on se fournit essentiellement aupr\u00e8s de producteurs locaux, pour la plupart inscrits dans une d\u00e9marche agricole biologique.\u00a0\u00bb<br \/>\n<a href=\"https:\/\/theblacklab.fr\/etat-desprit\">https:\/\/theblacklab.fr\/etat-desprit\u00a0<\/a><\/p>\n\n\t\t<\/div>\n\t<\/div>\n<div class=\"vc_empty_space\"   style=\"height: 32px\"><span class=\"vc_empty_space_inner\"><\/span><\/div><\/div><\/div><\/div><\/div><\/div><\/div><div class=\"vc_row wpb_row vc_row-fluid edgtf-section edgtf-content-aligment-left edgtf-grid-section\" style=\"\"><div class=\"clearfix edgtf-section-inner\"><div class=\"edgtf-section-inner-margin clearfix\"><div class=\"wpb_column vc_column_container vc_col-sm-6\"><div class=\"vc_column-inner\"><div class=\"wpb_wrapper\"><div class=\"vc_empty_space\"   style=\"height: 32px\"><span class=\"vc_empty_space_inner\"><\/span><\/div>\n\t<div  class=\"wpb_single_image wpb_content_element vc_align_left\">\n\t\t\n\t\t<figure class=\"wpb_wrapper vc_figure\">\n\t\t\t<div class=\"vc_single_image-wrapper   vc_box_border_grey\"><img decoding=\"async\" width=\"1024\" height=\"683\" src=\"https:\/\/battleinthenord.com\/wp-content\/uploads\/2025\/02\/DSC3187-1024x683.jpg\" class=\"vc_single_image-img attachment-large\" alt=\"\" srcset=\"https:\/\/battleinthenord.com\/wp-content\/uploads\/2025\/02\/DSC3187-1024x683.jpg 1024w, https:\/\/battleinthenord.com\/wp-content\/uploads\/2025\/02\/DSC3187-300x200.jpg 300w, https:\/\/battleinthenord.com\/wp-content\/uploads\/2025\/02\/DSC3187-768x512.jpg 768w, https:\/\/battleinthenord.com\/wp-content\/uploads\/2025\/02\/DSC3187-1536x1024.jpg 1536w, https:\/\/battleinthenord.com\/wp-content\/uploads\/2025\/02\/DSC3187.jpg 1920w\" sizes=\"(max-width: 1024px) 100vw, 1024px\" \/><\/div>\n\t\t<\/figure>\n\t<\/div>\n<div class=\"vc_empty_space\"   style=\"height: 32px\"><span class=\"vc_empty_space_inner\"><\/span><\/div><\/div><\/div><\/div><div class=\"wpb_column vc_column_container vc_col-sm-6\"><div class=\"vc_column-inner\"><div class=\"wpb_wrapper\"><div class=\"vc_empty_space\"   style=\"height: 32px\"><span class=\"vc_empty_space_inner\"><\/span><\/div>\n\t<div class=\"wpb_text_column wpb_content_element\" >\n\t\t<div class=\"wpb_wrapper\">\n\t\t\t<h3>Metal Market &amp; Band Merch<\/h3>\n<ul>\n<li>Various stands (Labels, Distros, Press, Luthiers, Metal clothing...)<\/li>\n<li>Official band merchandise<\/li>\n<li>Festival merch (including Battle in the Nord beers)<\/li>\n<\/ul>\n\n\t\t<\/div>\n\t<\/div>\n<div class=\"vc_empty_space\"   style=\"height: 32px\"><span class=\"vc_empty_space_inner\"><\/span><\/div><\/div><\/div><\/div><\/div><\/div><\/div><div class=\"vc_row wpb_row vc_row-fluid edgtf-section edgtf-content-aligment-left edgtf-grid-section\" style=\"\"><div class=\"clearfix edgtf-section-inner\"><div class=\"edgtf-section-inner-margin clearfix\"><div class=\"wpb_column vc_column_container vc_col-sm-6\"><div class=\"vc_column-inner\"><div class=\"wpb_wrapper\"><div class=\"vc_empty_space\"   style=\"height: 32px\"><span class=\"vc_empty_space_inner\"><\/span><\/div>\n\t<div  class=\"wpb_single_image wpb_content_element vc_align_left\">\n\t\t\n\t\t<figure class=\"wpb_wrapper vc_figure\">\n\t\t\t<div class=\"vc_single_image-wrapper   vc_box_border_grey\"><img decoding=\"async\" width=\"960\" height=\"960\" src=\"https:\/\/battleinthenord.com\/wp-content\/uploads\/2025\/07\/la-drache-1.jpg\" class=\"vc_single_image-img attachment-large\" alt=\"\" srcset=\"https:\/\/battleinthenord.com\/wp-content\/uploads\/2025\/07\/la-drache-1.jpg 960w, https:\/\/battleinthenord.com\/wp-content\/uploads\/2025\/07\/la-drache-1-300x300.jpg 300w, https:\/\/battleinthenord.com\/wp-content\/uploads\/2025\/07\/la-drache-1-150x150.jpg 150w, https:\/\/battleinthenord.com\/wp-content\/uploads\/2025\/07\/la-drache-1-768x768.jpg 768w, https:\/\/battleinthenord.com\/wp-content\/uploads\/2025\/07\/la-drache-1-550x550.jpg 550w\" sizes=\"(max-width: 960px) 100vw, 960px\" \/><\/div>\n\t\t<\/figure>\n\t<\/div>\n<div class=\"vc_empty_space\"   style=\"height: 32px\"><span class=\"vc_empty_space_inner\"><\/span><\/div><\/div><\/div><\/div><div class=\"wpb_column vc_column_container vc_col-sm-6\"><div class=\"vc_column-inner\"><div class=\"wpb_wrapper\"><div class=\"vc_empty_space\"   style=\"height: 32px\"><span class=\"vc_empty_space_inner\"><\/span><\/div>\n\t<div class=\"wpb_text_column wpb_content_element\" >\n\t\t<div class=\"wpb_wrapper\">\n\t\t\t<h3>Tarifs Drink &amp; Food<\/h3>\n\n\t\t<\/div>\n\t<\/div>\n\n\t<div class=\"wpb_text_column wpb_content_element\" >\n\t\t<div class=\"wpb_wrapper\">\n\t\t\t<p>You\u2019ll be able to purchase Drink and Food tokens on site. Payment by card or cash.<\/p>\n<p>As always, we aim to offer quality at affordable prices. Prices will be announced soon.<\/p>\n<p>La Drache IPA\/NEIPA Beer: TBA<\/p>\n<p>La Drache Blonde Beer: TBA<\/p>\n<p>Soft: Cola\/Limonade : TBA<\/p>\n<p>Coffee\/Tea: TBA<\/p>\n<p>Food: Offer in progress<\/p>\n\n\t\t<\/div>\n\t<\/div>\n<div class=\"vc_empty_space\"   style=\"height: 32px\"><span class=\"vc_empty_space_inner\"><\/span><\/div><\/div><\/div><\/div><\/div><\/div><\/div><div class=\"vc_row wpb_row vc_row-fluid edgtf-section edgtf-content-aligment-left edgtf-grid-section\" style=\"\"><div class=\"clearfix edgtf-section-inner\"><div class=\"edgtf-section-inner-margin clearfix\"><div class=\"wpb_column vc_column_container vc_col-sm-6\"><div class=\"vc_column-inner\"><div class=\"wpb_wrapper\"><div class=\"vc_empty_space\"   style=\"height: 32px\"><span class=\"vc_empty_space_inner\"><\/span><\/div>\n\t<div  class=\"wpb_single_image wpb_content_element vc_align_left\">\n\t\t\n\t\t<figure class=\"wpb_wrapper vc_figure\">\n\t\t\t<div class=\"vc_single_image-wrapper   vc_box_border_grey\"><img decoding=\"async\" width=\"1024\" height=\"683\" src=\"https:\/\/battleinthenord.com\/wp-content\/uploads\/2025\/02\/DSC3092-1024x683.jpg\" class=\"vc_single_image-img attachment-large\" alt=\"\" srcset=\"https:\/\/battleinthenord.com\/wp-content\/uploads\/2025\/02\/DSC3092-1024x683.jpg 1024w, https:\/\/battleinthenord.com\/wp-content\/uploads\/2025\/02\/DSC3092-300x200.jpg 300w, https:\/\/battleinthenord.com\/wp-content\/uploads\/2025\/02\/DSC3092-768x512.jpg 768w, https:\/\/battleinthenord.com\/wp-content\/uploads\/2025\/02\/DSC3092-1536x1024.jpg 1536w, https:\/\/battleinthenord.com\/wp-content\/uploads\/2025\/02\/DSC3092.jpg 1920w\" sizes=\"(max-width: 1024px) 100vw, 1024px\" \/><\/div>\n\t\t<\/figure>\n\t<\/div>\n<div class=\"vc_empty_space\"   style=\"height: 32px\"><span class=\"vc_empty_space_inner\"><\/span><\/div><\/div><\/div><\/div><div class=\"wpb_column vc_column_container vc_col-sm-6\"><div class=\"vc_column-inner\"><div class=\"wpb_wrapper\"><div class=\"vc_empty_space\"   style=\"height: 32px\"><span class=\"vc_empty_space_inner\"><\/span><\/div>\n\t<div class=\"wpb_text_column wpb_content_element\" >\n\t\t<div class=\"wpb_wrapper\">\n\t\t\t<h3>Security &amp; Prohibited Items<\/h3>\n<ul>\n<li>Bag check at the entrance<\/li>\n<li>Prohibited items: glass bottles, weapons, drugs, etc.<\/li>\n<li>Zero tolerance for abusive behavior<\/li>\n<\/ul>\n\n\t\t<\/div>\n\t<\/div>\n<div class=\"vc_empty_space\"   style=\"height: 32px\"><span class=\"vc_empty_space_inner\"><\/span><\/div><\/div><\/div><\/div><\/div><\/div><\/div><div class=\"vc_row wpb_row vc_row-fluid edgtf-section edgtf-content-aligment-left edgtf-grid-section\" style=\"\"><div class=\"clearfix edgtf-section-inner\"><div class=\"edgtf-section-inner-margin clearfix\"><div class=\"wpb_column vc_column_container vc_col-sm-6\"><div class=\"vc_column-inner\"><div class=\"wpb_wrapper\"><div class=\"vc_empty_space\"   style=\"height: 32px\"><span class=\"vc_empty_space_inner\"><\/span><\/div>\n\t<div  class=\"wpb_single_image wpb_content_element vc_align_left\">\n\t\t\n\t\t<figure class=\"wpb_wrapper vc_figure\">\n\t\t\t<div class=\"vc_single_image-wrapper   vc_box_border_grey\"><img decoding=\"async\" width=\"612\" height=\"408\" src=\"https:\/\/battleinthenord.com\/wp-content\/uploads\/2025\/07\/accessibilite.jpg\" class=\"vc_single_image-img attachment-large\" alt=\"\" srcset=\"https:\/\/battleinthenord.com\/wp-content\/uploads\/2025\/07\/accessibilite.jpg 612w, https:\/\/battleinthenord.com\/wp-content\/uploads\/2025\/07\/accessibilite-300x200.jpg 300w\" sizes=\"(max-width: 612px) 100vw, 612px\" \/><\/div>\n\t\t<\/figure>\n\t<\/div>\n<div class=\"vc_empty_space\"   style=\"height: 32px\"><span class=\"vc_empty_space_inner\"><\/span><\/div><\/div><\/div><\/div><div class=\"wpb_column vc_column_container vc_col-sm-6\"><div class=\"vc_column-inner\"><div class=\"wpb_wrapper\"><div class=\"vc_empty_space\"   style=\"height: 32px\"><span class=\"vc_empty_space_inner\"><\/span><\/div>\n\t<div class=\"wpb_text_column wpb_content_element\" >\n\t\t<div class=\"wpb_wrapper\">\n\t\t\t<h3>Accessibility<\/h3>\n\n\t\t<\/div>\n\t<\/div>\n\n\t<div class=\"wpb_text_column wpb_content_element\" >\n\t\t<div class=\"wpb_wrapper\">\n\t\t\t<p>The festival is fully accessible to people with reduced mobility. Feel free to ask our team any questions or request assistance.<\/p>\n\n\t\t<\/div>\n\t<\/div>\n<div class=\"vc_empty_space\"   style=\"height: 32px\"><span class=\"vc_empty_space_inner\"><\/span><\/div><\/div><\/div><\/div><\/div><\/div><\/div>","protected":false},"excerpt":{"rendered":"Sur Place Pendant les deux jours du festival, tout est pr\u00e9vu pour vous permettre de profiter pleinement de l'exp\u00e9rience Battle in the Nord. Bar, food, stands partenaires... et \u00e9videmment la bi\u00e8re officielle du fest ! Bar et Bi\u00e8res \ud83c\udf7b La Drache sera \u00e0 l'honneur avec...","protected":false},"author":1,"featured_media":0,"parent":9596,"menu_order":0,"comment_status":"closed","ping_status":"closed","template":"full-width.php","meta":{"footnotes":""},"class_list":["post-9277","page","type-page","status-publish","hentry"],"_links":{"self":[{"href":"https:\/\/battleinthenord.com\/en\/wp-json\/wp\/v2\/pages\/9277","targetHints":{"allow":["GET"]}}],"collection":[{"href":"https:\/\/battleinthenord.com\/en\/wp-json\/wp\/v2\/pages"}],"about":[{"href":"https:\/\/battleinthenord.com\/en\/wp-json\/wp\/v2\/types\/page"}],"author":[{"embeddable":true,"href":"https:\/\/battleinthenord.com\/en\/wp-json\/wp\/v2\/users\/1"}],"replies":[{"embeddable":true,"href":"https:\/\/battleinthenord.com\/en\/wp-json\/wp\/v2\/comments?post=9277"}],"version-history":[{"count":15,"href":"https:\/\/battleinthenord.com\/en\/wp-json\/wp\/v2\/pages\/9277\/revisions"}],"predecessor-version":[{"id":9585,"href":"https:\/\/battleinthenord.com\/en\/wp-json\/wp\/v2\/pages\/9277\/revisions\/9585"}],"up":[{"embeddable":true,"href":"https:\/\/battleinthenord.com\/en\/wp-json\/wp\/v2\/pages\/9596"}],"wp:attachment":[{"href":"https:\/\/battleinthenord.com\/en\/wp-json\/wp\/v2\/media?parent=9277"}],"curies":[{"name":"wp","href":"https:\/\/api.w.org\/{rel}","templated":true}]}}