{"id":9297,"date":"2025-07-05T09:00:17","date_gmt":"2025-07-05T09:00:17","guid":{"rendered":"https:\/\/battleinthenord.com\/?page_id=9297"},"modified":"2026-01-29T22:03:44","modified_gmt":"2026-01-29T22:03:44","slug":"horaires","status":"publish","type":"page","link":"https:\/\/battleinthenord.com\/en\/battle-in-the-nord-fest\/horaires\/","title":{"rendered":"Timetable"},"content":{"rendered":"<div data-edgtf-parallax-speed=\"1\" class=\"vc_row wpb_row vc_row-fluid edgtf-section vc_custom_1725639158113 edgtf-content-aligment-center edgtf-parallax-section-holder edgtf-parallax-section-holder-touch-disabled edgtf-grid-section\" style=\"\"><div class=\"clearfix edgtf-section-inner\"><div class=\"edgtf-section-inner-margin clearfix\"><div class=\"wpb_column vc_column_container vc_col-sm-12\"><div class=\"vc_column-inner\"><div class=\"wpb_wrapper\"><div class=\"vc_row wpb_row vc_inner vc_row-fluid edgtf-section edgtf-content-aligment-left\" style=\"\"><div class=\"edgtf-full-section-inner\"><div class=\"wpb_column vc_column_container vc_col-sm-12\"><div class=\"vc_column-inner\"><div class=\"wpb_wrapper\">\n\t<div class=\"wpb_text_column wpb_content_element\" >\n\t\t<div class=\"wpb_wrapper\">\n\t\t\t<h2>Schedule \u2013 2026 EDITION<\/h2>\n\n\t\t<\/div>\n\t<\/div>\n\n\t<div class=\"wpb_text_column wpb_content_element\" >\n\t\t<div class=\"wpb_wrapper\">\n\t\t\t<p>The full set time schedule for January 24 &amp; 25, 2026 will be available here soon.<br data-start=\"913\" data-end=\"916\" \/>Schedule subject to slight changes.<\/p>\n\n\t\t<\/div>\n\t<\/div>\n<\/div><\/div><\/div><\/div><\/div><div class=\"vc_row wpb_row vc_inner vc_row-fluid edgtf-section edgtf-content-aligment-left edgtf-grid-section\" style=\"\"><div class=\"edgtf-section-inner\"><div class=\"edgtf-section-inner-margin clearfix\"><div class=\"wpb_column vc_column_container vc_col-sm-6\"><div class=\"vc_column-inner\"><div class=\"wpb_wrapper\"><div class=\"vc_empty_space\"   style=\"height: 32px\"><span class=\"vc_empty_space_inner\"><\/span><\/div>\n\t<div  class=\"wpb_single_image wpb_content_element vc_align_left\">\n\t\t\n\t\t<figure class=\"wpb_wrapper vc_figure\">\n\t\t\t<div class=\"vc_single_image-wrapper   vc_box_border_grey\"><img decoding=\"async\" width=\"724\" height=\"1024\" src=\"https:\/\/battleinthenord.com\/wp-content\/uploads\/2025\/10\/Battle-2-jours-black-lab-724x1024.jpg\" class=\"vc_single_image-img attachment-large\" alt=\"\" srcset=\"https:\/\/battleinthenord.com\/wp-content\/uploads\/2025\/10\/Battle-2-jours-black-lab-724x1024.jpg 724w, https:\/\/battleinthenord.com\/wp-content\/uploads\/2025\/10\/Battle-2-jours-black-lab-212x300.jpg 212w, https:\/\/battleinthenord.com\/wp-content\/uploads\/2025\/10\/Battle-2-jours-black-lab-768x1087.jpg 768w, https:\/\/battleinthenord.com\/wp-content\/uploads\/2025\/10\/Battle-2-jours-black-lab-1086x1536.jpg 1086w, https:\/\/battleinthenord.com\/wp-content\/uploads\/2025\/10\/Battle-2-jours-black-lab-8x12.jpg 8w, https:\/\/battleinthenord.com\/wp-content\/uploads\/2025\/10\/Battle-2-jours-black-lab.jpg 1357w\" sizes=\"(max-width: 724px) 100vw, 724px\" \/><\/div>\n\t\t<\/figure>\n\t<\/div>\n<\/div><\/div><\/div><div class=\"wpb_column vc_column_container vc_col-sm-6\"><div class=\"vc_column-inner\"><div class=\"wpb_wrapper\"><div class=\"vc_empty_space\"   style=\"height: 32px\"><span class=\"vc_empty_space_inner\"><\/span><\/div>\n\t<div class=\"wpb_text_column wpb_content_element\" >\n\t\t<div class=\"wpb_wrapper\">\n\t\t\t<h2>General Info<\/h2>\n\n\t\t<\/div>\n\t<\/div>\n\n\t<div class=\"wpb_text_column wpb_content_element\" >\n\t\t<div class=\"wpb_wrapper\">\n\t\t\t<ul>\n<li>Ouverture des portes : 13:30<\/li>\n<li>Fin des concerts : 23:30<\/li>\n<\/ul>\n\n\t\t<\/div>\n\t<\/div>\n<\/div><\/div><\/div><\/div><\/div><\/div><\/div><\/div><\/div><\/div><\/div><\/div><div class=\"vc_row wpb_row vc_row-fluid edgtf-section edgtf-content-aligment-left edgtf-grid-section\" style=\"\"><div class=\"clearfix edgtf-section-inner\"><div class=\"edgtf-section-inner-margin clearfix\"><div class=\"wpb_column vc_column_container vc_col-sm-6\"><div class=\"vc_column-inner\"><div class=\"wpb_wrapper\"><div class=\"vc_empty_space\"   style=\"height: 32px\"><span class=\"vc_empty_space_inner\"><\/span><\/div>\n\t<div  class=\"wpb_single_image wpb_content_element vc_align_left\">\n\t\t\n\t\t<figure class=\"wpb_wrapper vc_figure\">\n\t\t\t<div class=\"vc_single_image-wrapper   vc_box_border_grey\"><img decoding=\"async\" width=\"1024\" height=\"585\" src=\"https:\/\/battleinthenord.com\/wp-content\/uploads\/2025\/02\/Capture-decran-2025-01-27-a-17.00.19-1024x585.jpg\" class=\"vc_single_image-img attachment-large\" alt=\"\" srcset=\"https:\/\/battleinthenord.com\/wp-content\/uploads\/2025\/02\/Capture-decran-2025-01-27-a-17.00.19-1024x585.jpg 1024w, https:\/\/battleinthenord.com\/wp-content\/uploads\/2025\/02\/Capture-decran-2025-01-27-a-17.00.19-300x171.jpg 300w, https:\/\/battleinthenord.com\/wp-content\/uploads\/2025\/02\/Capture-decran-2025-01-27-a-17.00.19-768x438.jpg 768w, https:\/\/battleinthenord.com\/wp-content\/uploads\/2025\/02\/Capture-decran-2025-01-27-a-17.00.19-1536x877.jpg 1536w, https:\/\/battleinthenord.com\/wp-content\/uploads\/2025\/02\/Capture-decran-2025-01-27-a-17.00.19.jpg 1920w\" sizes=\"(max-width: 1024px) 100vw, 1024px\" \/><\/div>\n\t\t<\/figure>\n\t<\/div>\n<div class=\"vc_empty_space\"   style=\"height: 32px\"><span class=\"vc_empty_space_inner\"><\/span><\/div><\/div><\/div><\/div><div class=\"wpb_column vc_column_container vc_col-sm-6\"><div class=\"vc_column-inner\"><div class=\"wpb_wrapper\"><div class=\"vc_empty_space\"   style=\"height: 32px\"><span class=\"vc_empty_space_inner\"><\/span><\/div>\n\t<div class=\"wpb_text_column wpb_content_element\" >\n\t\t<div class=\"wpb_wrapper\">\n\t\t\t<h3>Saturday, January 24<\/h3>\n<p>13:30 \u2013 Doors Opening<br class=\"html-br\" \/>14:00 \u2013 OST<br class=\"html-br\" \/>14:50 \u2013 PATHS TO DELIVERANCE<br class=\"html-br\" \/>15:40 \u2013 SKAPHOS<br class=\"html-br\" \/>16:45 \u2013 MALPHAS<br class=\"html-br\" \/>17:50 \u2013 GORGON<br class=\"html-br\" \/>18:55 \u2013 SERVANT<br class=\"html-br\" \/>20:05 \u2013 INVERNOIR<br class=\"html-br\" \/>21:15 \u2013 ANTRISCH<br class=\"html-br\" \/>22:25 \u2013 MERRIMACK<\/p>\n\n\t\t<\/div>\n\t<\/div>\n<div class=\"vc_empty_space\"   style=\"height: 32px\"><span class=\"vc_empty_space_inner\"><\/span><\/div><\/div><\/div><\/div><\/div><\/div><\/div><div class=\"vc_row wpb_row vc_row-fluid edgtf-section edgtf-content-aligment-left edgtf-grid-section\" style=\"\"><div class=\"clearfix edgtf-section-inner\"><div class=\"edgtf-section-inner-margin clearfix\"><div class=\"wpb_column vc_column_container vc_col-sm-6\"><div class=\"vc_column-inner\"><div class=\"wpb_wrapper\"><div class=\"vc_empty_space\"   style=\"height: 32px\"><span class=\"vc_empty_space_inner\"><\/span><\/div>\n\t<div  class=\"wpb_single_image wpb_content_element vc_align_left\">\n\t\t\n\t\t<figure class=\"wpb_wrapper vc_figure\">\n\t\t\t<div class=\"vc_single_image-wrapper   vc_box_border_grey\"><img decoding=\"async\" width=\"1024\" height=\"683\" src=\"https:\/\/battleinthenord.com\/wp-content\/uploads\/2025\/02\/DSC1624-1024x683.jpg\" class=\"vc_single_image-img attachment-large\" alt=\"\" srcset=\"https:\/\/battleinthenord.com\/wp-content\/uploads\/2025\/02\/DSC1624-1024x683.jpg 1024w, https:\/\/battleinthenord.com\/wp-content\/uploads\/2025\/02\/DSC1624-300x200.jpg 300w, https:\/\/battleinthenord.com\/wp-content\/uploads\/2025\/02\/DSC1624-768x512.jpg 768w, https:\/\/battleinthenord.com\/wp-content\/uploads\/2025\/02\/DSC1624-1536x1024.jpg 1536w, https:\/\/battleinthenord.com\/wp-content\/uploads\/2025\/02\/DSC1624.jpg 1920w\" sizes=\"(max-width: 1024px) 100vw, 1024px\" \/><\/div>\n\t\t<\/figure>\n\t<\/div>\n<div class=\"vc_empty_space\"   style=\"height: 32px\"><span class=\"vc_empty_space_inner\"><\/span><\/div><\/div><\/div><\/div><div class=\"wpb_column vc_column_container vc_col-sm-6\"><div class=\"vc_column-inner\"><div class=\"wpb_wrapper\"><div class=\"vc_empty_space\"   style=\"height: 32px\"><span class=\"vc_empty_space_inner\"><\/span><\/div>\n\t<div class=\"wpb_text_column wpb_content_element\" >\n\t\t<div class=\"wpb_wrapper\">\n\t\t\t<h3>Sunday, January 25<\/h3>\n<p>13:30 \u2013 Doors Opening<br class=\"html-br\" \/>14:00 \u2013 LYING FIGURES<br class=\"html-br\" \/>14:50 \u2013 MOURNING DAWN<br class=\"html-br\" \/>15:40 \u2013 SOUL DISSOLUTION<br class=\"html-br\" \/>16:45 \u2013 MONOLITHE<br class=\"html-br\" \/>17:50 \u2013 OFFICIUM TRISTE<br class=\"html-br\" \/>18:55 \u2013 ALKHEMIA<br class=\"html-br\" \/>20:05 \u2013 ONHEIL<br class=\"html-br\" \/>21:15 \u2013 ANTZAAT<br class=\"html-br\" \/>22:25 \u2013 BESATT<\/p>\n\n\t\t<\/div>\n\t<\/div>\n<div class=\"vc_empty_space\"   style=\"height: 32px\"><span class=\"vc_empty_space_inner\"><\/span><\/div><\/div><\/div><\/div><\/div><\/div><\/div>","protected":false},"excerpt":{"rendered":"Horaires - \u00c9DITION 2026 Retrouvez prochainement, ici, la grille compl\u00e8te des passages pour les 24 &amp; 25 janvier 2026.Horaires susceptibles de l\u00e9g\u00e8res modifications. G\u00e9n\u00e9ral Ouverture des portes : 13:30 Fin des concerts : 23:30 Samedi 24 Janvier 13:30 \u2013 Doors Opening14:00 \u2013 OST14:50 \u2013 PATHS...","protected":false},"author":1,"featured_media":0,"parent":9596,"menu_order":0,"comment_status":"closed","ping_status":"closed","template":"full-width.php","meta":{"footnotes":""},"class_list":["post-9297","page","type-page","status-publish","hentry"],"_links":{"self":[{"href":"https:\/\/battleinthenord.com\/en\/wp-json\/wp\/v2\/pages\/9297","targetHints":{"allow":["GET"]}}],"collection":[{"href":"https:\/\/battleinthenord.com\/en\/wp-json\/wp\/v2\/pages"}],"about":[{"href":"https:\/\/battleinthenord.com\/en\/wp-json\/wp\/v2\/types\/page"}],"author":[{"embeddable":true,"href":"https:\/\/battleinthenord.com\/en\/wp-json\/wp\/v2\/users\/1"}],"replies":[{"embeddable":true,"href":"https:\/\/battleinthenord.com\/en\/wp-json\/wp\/v2\/comments?post=9297"}],"version-history":[{"count":7,"href":"https:\/\/battleinthenord.com\/en\/wp-json\/wp\/v2\/pages\/9297\/revisions"}],"predecessor-version":[{"id":9584,"href":"https:\/\/battleinthenord.com\/en\/wp-json\/wp\/v2\/pages\/9297\/revisions\/9584"}],"up":[{"embeddable":true,"href":"https:\/\/battleinthenord.com\/en\/wp-json\/wp\/v2\/pages\/9596"}],"wp:attachment":[{"href":"https:\/\/battleinthenord.com\/en\/wp-json\/wp\/v2\/media?parent=9297"}],"curies":[{"name":"wp","href":"https:\/\/api.w.org\/{rel}","templated":true}]}}