{"id":9315,"date":"2025-07-05T11:18:43","date_gmt":"2025-07-05T11:18:43","guid":{"rendered":"https:\/\/battleinthenord.com\/?page_id=9315"},"modified":"2026-01-08T10:11:34","modified_gmt":"2026-01-08T10:11:34","slug":"presse","status":"publish","type":"page","link":"https:\/\/battleinthenord.com\/en\/presse\/","title":{"rendered":"Press and partnership"},"content":{"rendered":"<div data-edgtf-parallax-speed=\"1\" class=\"vc_row wpb_row vc_row-fluid edgtf-section vc_custom_1725639158113 edgtf-content-aligment-center edgtf-parallax-section-holder edgtf-parallax-section-holder-touch-disabled edgtf-grid-section\" style=\"\"><div class=\"clearfix edgtf-section-inner\"><div class=\"edgtf-section-inner-margin clearfix\"><div class=\"wpb_column vc_column_container vc_col-sm-12\"><div class=\"vc_column-inner\"><div class=\"wpb_wrapper\"><div class=\"vc_row wpb_row vc_inner vc_row-fluid edgtf-section edgtf-content-aligment-left\" style=\"\"><div class=\"edgtf-full-section-inner\"><div class=\"wpb_column vc_column_container vc_col-sm-12\"><div class=\"vc_column-inner\"><div class=\"wpb_wrapper\">\n\t<div class=\"wpb_text_column wpb_content_element\" >\n\t\t<div class=\"wpb_wrapper\">\n\t\t\t<h2>PRESS<\/h2>\n\n\t\t<\/div>\n\t<\/div>\n\n\t<div class=\"wpb_text_column wpb_content_element\" >\n\t\t<div class=\"wpb_wrapper\">\n\t\t\t<p>You can find all the information and visuals for the festival on this page.<\/p>\n\n\t\t<\/div>\n\t<\/div>\n<\/div><\/div><\/div><\/div><\/div><div class=\"vc_row wpb_row vc_inner vc_row-fluid edgtf-section edgtf-content-aligment-left edgtf-grid-section\" style=\"\"><div class=\"edgtf-section-inner\"><div class=\"edgtf-section-inner-margin clearfix\"><div class=\"wpb_column vc_column_container vc_col-sm-6\"><div class=\"vc_column-inner\"><div class=\"wpb_wrapper\"><div class=\"vc_empty_space\"   style=\"height: 32px\"><span class=\"vc_empty_space_inner\"><\/span><\/div>\n\t<div  class=\"wpb_single_image wpb_content_element vc_align_left\">\n\t\t\n\t\t<figure class=\"wpb_wrapper vc_figure\">\n\t\t\t<div class=\"vc_single_image-wrapper   vc_box_border_grey\"><img decoding=\"async\" width=\"1024\" height=\"683\" src=\"https:\/\/battleinthenord.com\/wp-content\/uploads\/2025\/02\/DSC1790-1024x683.jpg\" class=\"vc_single_image-img attachment-large\" alt=\"\" srcset=\"https:\/\/battleinthenord.com\/wp-content\/uploads\/2025\/02\/DSC1790-1024x683.jpg 1024w, https:\/\/battleinthenord.com\/wp-content\/uploads\/2025\/02\/DSC1790-300x200.jpg 300w, https:\/\/battleinthenord.com\/wp-content\/uploads\/2025\/02\/DSC1790-768x512.jpg 768w, https:\/\/battleinthenord.com\/wp-content\/uploads\/2025\/02\/DSC1790-1536x1024.jpg 1536w, https:\/\/battleinthenord.com\/wp-content\/uploads\/2025\/02\/DSC1790.jpg 1920w\" sizes=\"(max-width: 1024px) 100vw, 1024px\" \/><\/div>\n\t\t<\/figure>\n\t<\/div>\n<div class=\"vc_empty_space\"   style=\"height: 32px\"><span class=\"vc_empty_space_inner\"><\/span><\/div><\/div><\/div><\/div><div class=\"wpb_column vc_column_container vc_col-sm-6\"><div class=\"vc_column-inner\"><div class=\"wpb_wrapper\"><div class=\"vc_empty_space\"   style=\"height: 32px\"><span class=\"vc_empty_space_inner\"><\/span><\/div>\n\t<div class=\"wpb_text_column wpb_content_element\" >\n\t\t<div class=\"wpb_wrapper\">\n\t\t\t<h2>Press Accreditation<\/h2>\n\n\t\t<\/div>\n\t<\/div>\n\n\t<div class=\"wpb_text_column wpb_content_element\" >\n\t\t<div class=\"wpb_wrapper\">\n\t\t\t<p class=\"font_7 wixui-rich-text__text\"><span class=\"wixui-rich-text__text\">Journalistes et photographes, merci de nous contacter par mail \u00e0 contact (@) battleinthenord.com en pr\u00e9cisant votre m\u00e9dia et vos besoins (interview, photo pit).<br \/>\n<i data-path-to-node=\"12\" data-index-in-node=\"198\">Date limite de demande : 15 janvier 2026.<\/i><\/span><\/p>\n<p><span class=\"wixui-rich-text__text\">As the number of accreditations is limited, we give priority to our press partners. We ask accredited individuals\/media outlets to play along and then share content about the festival (of any kind: reports, posts, photos, etc.) and to promote the festival as much as possible.<br \/>\n<\/span><\/p>\n<p class=\"font_7 wixui-rich-text__text\"><span class=\"wixui-rich-text__text\">To become a partner, please send an email to contact (a) battleinthenord.com<\/span><\/p>\n\n\t\t<\/div>\n\t<\/div>\n<\/div><\/div><\/div><\/div><\/div><\/div><\/div><\/div><\/div><\/div><\/div><\/div><div class=\"vc_row wpb_row vc_row-fluid edgtf-section edgtf-content-aligment-left edgtf-grid-section\" style=\"\"><div class=\"clearfix edgtf-section-inner\"><div class=\"edgtf-section-inner-margin clearfix\"><div class=\"wpb_column vc_column_container vc_col-sm-6\"><div class=\"vc_column-inner\"><div class=\"wpb_wrapper\"><div class=\"vc_empty_space\"   style=\"height: 32px\"><span class=\"vc_empty_space_inner\"><\/span><\/div>\n\t<div class=\"wpb_text_column wpb_content_element\" >\n\t\t<div class=\"wpb_wrapper\">\n\t\t\t<p>Festival logo in SVG format<\/p>\n\n\t\t<\/div>\n\t<\/div>\n\n\t<div  class=\"wpb_single_image wpb_content_element vc_align_left\">\n\t\t\n\t\t<figure class=\"wpb_wrapper vc_figure\">\n\t\t\t<div class=\"vc_single_image-wrapper   vc_box_border_grey\"><img decoding=\"async\" width=\"2128\" height=\"1128\" src=\"https:\/\/battleinthenord.com\/wp-content\/uploads\/2016\/09\/Battle-in-the-nord-logo-2.svg\" class=\"vc_single_image-img attachment-full\" alt=\"\" \/><\/div>\n\t\t<\/figure>\n\t<\/div>\n<div class=\"vc_empty_space\"   style=\"height: 32px\"><span class=\"vc_empty_space_inner\"><\/span><\/div><\/div><\/div><\/div><div class=\"wpb_column vc_column_container vc_col-sm-6\"><div class=\"vc_column-inner\"><div class=\"wpb_wrapper\"><div class=\"vc_empty_space\"   style=\"height: 32px\"><span class=\"vc_empty_space_inner\"><\/span><\/div>\n\t<div class=\"wpb_text_column wpb_content_element\" >\n\t\t<div class=\"wpb_wrapper\">\n\t\t\t<p data-path-to-node=\"6\"><b data-path-to-node=\"6\" data-index-in-node=\"0\">Le rendez-vous incontournable des musiques sombres revient pour une 3e \u00e9dition \u00e9pique.<\/b><\/p>\n<p data-path-to-node=\"8\"><b data-path-to-node=\"8\" data-index-in-node=\"0\">Pr\u00e9sentation<\/b> Port\u00e9 par l\u2019association ALKH, le festival <b data-path-to-node=\"8\" data-index-in-node=\"55\">Battle in the Nord<\/b> franchit une \u00e9tape majeure en 2026. Pour sa troisi\u00e8me \u00e9dition, l&rsquo;\u00e9v\u00e9nement s&rsquo;installe au <b data-path-to-node=\"8\" data-index-in-node=\"163\">Black Lab (Wasquehal)<\/b> les <b data-path-to-node=\"8\" data-index-in-node=\"189\">24 et 25 janvier<\/b> pour deux jours d&rsquo;immersion totale dans les courants Black Metal, Doom et Death m\u00e9lodique.<\/p>\n<p data-path-to-node=\"9\">Avec une programmation internationale r\u00e9unissant 18 groupes issus de 7 pays, le festival confirme sa position de bastion underground dans le Nord de la France, alliant exigence artistique et ambiance organique.<\/p>\n<p data-path-to-node=\"9\"><a href=\"https:\/\/drive.google.com\/drive\/folders\/1tq9O9w0VEhyejquXK01rTSVql0ETcane?usp=sharing\">T\u00e9l\u00e9charger le Kit Media (Affiche + Visuels social m\u00e9dias + Logos)<\/a><\/p>\n<p data-path-to-node=\"10\"><b data-path-to-node=\"10\" data-index-in-node=\"0\">Informations Cl\u00e9s<\/b><\/p>\n<p data-path-to-node=\"11,0,0\"><b data-path-to-node=\"11,0,0\" data-index-in-node=\"0\">Dates :<\/b> 24 &amp; 25 Janvier 2026<\/p>\n<p data-path-to-node=\"11,1,0\"><b data-path-to-node=\"11,1,0\" data-index-in-node=\"0\">Lieu :<\/b> The Black Lab, 8 rue des Champs, 59290 Wasquehal (FR)<br \/>\n<a href=\"https:\/\/theblacklab.fr\">https:\/\/theblacklab.fr<\/a><\/p>\n<p data-path-to-node=\"11,2,0\"><b data-path-to-node=\"11,2,0\" data-index-in-node=\"0\">Programmation :<\/b> Antrisch (DE), Besatt (PL), Merrimack (FR), Invernoir (IT), Servant (DE), Officium Triste (NL), Alkhemia (FR), Monolithe (FR), Paths to Deliverance (FR) et bien d&rsquo;autres.<\/p>\n<p data-path-to-node=\"11,2,0\"><strong>D\u00e9tail des groupes :<\/strong> <a href=\"https:\/\/battleinthenord.com\/en\/bands\/\">https:\/\/battleinthenord.com\/bands\/<\/a><\/p>\n<p data-path-to-node=\"11,3,0\"><b data-path-to-node=\"11,3,0\" data-index-in-node=\"0\">Billetterie : <\/b><a href=\"https:\/\/www.helloasso.com\/associations\/alkh\/evenements\/battle-in-the-nord-troisieme-edition\">https:\/\/www.helloasso.com\/associations\/alkh\/evenements\/battle-in-the-nord-troisieme-edition<\/a><\/p>\n\n\t\t<\/div>\n\t<\/div>\n\n\t<div class=\"wpb_text_column wpb_content_element\" >\n\t\t<div class=\"wpb_wrapper\">\n\t\t\t<h3>Medias<\/h3>\n\n\t\t<\/div>\n\t<\/div>\n\n\t<div class=\"wpb_text_column wpb_content_element\" >\n\t\t<div class=\"wpb_wrapper\">\n\t\t\t<p>Click to display full size or access to the Google Drive Folder here: <a href=\"https:\/\/drive.google.com\/drive\/folders\/1tq9O9w0VEhyejquXK01rTSVql0ETcane\">https:\/\/drive.google.com\/drive\/folders\/1tq9O9w0VEhyejquXK01rTSVql0ETcane<\/a><\/p>\n\n\t\t<\/div>\n\t<\/div>\n<div class=\"vc_row wpb_row vc_inner vc_row-fluid edgtf-section edgtf-content-aligment-left\" style=\"\"><div class=\"edgtf-full-section-inner\"><div class=\"wpb_column vc_column_container vc_col-sm-6\"><div class=\"vc_column-inner\"><div class=\"wpb_wrapper\">\n\t<div  class=\"wpb_single_image wpb_content_element vc_align_left\">\n\t\t\n\t\t<figure class=\"wpb_wrapper vc_figure\">\n\t\t\t<a href=\"https:\/\/battleinthenord.com\/wp-content\/uploads\/2025\/10\/Battle-2-jours-black-lab-724x1024.jpg\" target=\"_blank\" class=\"vc_single_image-wrapper   vc_box_border_grey\"><img decoding=\"async\" width=\"212\" height=\"300\" src=\"https:\/\/battleinthenord.com\/wp-content\/uploads\/2025\/10\/Battle-2-jours-black-lab-212x300.jpg\" class=\"vc_single_image-img attachment-medium\" alt=\"\" srcset=\"https:\/\/battleinthenord.com\/wp-content\/uploads\/2025\/10\/Battle-2-jours-black-lab-212x300.jpg 212w, https:\/\/battleinthenord.com\/wp-content\/uploads\/2025\/10\/Battle-2-jours-black-lab-724x1024.jpg 724w, https:\/\/battleinthenord.com\/wp-content\/uploads\/2025\/10\/Battle-2-jours-black-lab-768x1087.jpg 768w, https:\/\/battleinthenord.com\/wp-content\/uploads\/2025\/10\/Battle-2-jours-black-lab-1086x1536.jpg 1086w, https:\/\/battleinthenord.com\/wp-content\/uploads\/2025\/10\/Battle-2-jours-black-lab-8x12.jpg 8w, https:\/\/battleinthenord.com\/wp-content\/uploads\/2025\/10\/Battle-2-jours-black-lab.jpg 1357w\" sizes=\"(max-width: 212px) 100vw, 212px\" \/><\/a>\n\t\t<\/figure>\n\t<\/div>\n<\/div><\/div><\/div><div class=\"wpb_column vc_column_container vc_col-sm-6\"><div class=\"vc_column-inner\"><div class=\"wpb_wrapper\"><\/div><\/div><\/div><\/div><\/div><div class=\"vc_empty_space\"   style=\"height: 12px\"><span class=\"vc_empty_space_inner\"><\/span><\/div>\n\t<div  class=\"wpb_single_image wpb_content_element vc_align_left\">\n\t\t\n\t\t<figure class=\"wpb_wrapper vc_figure\">\n\t\t\t<a href=\"https:\/\/battleinthenord.com\/wp-content\/uploads\/2025\/07\/vignette-full-1024x833.jpg\" target=\"_blank\" class=\"vc_single_image-wrapper   vc_box_border_grey\"><img decoding=\"async\" width=\"300\" height=\"244\" src=\"https:\/\/battleinthenord.com\/wp-content\/uploads\/2025\/07\/vignette-full-300x244.jpg\" class=\"vc_single_image-img attachment-medium\" alt=\"\" srcset=\"https:\/\/battleinthenord.com\/wp-content\/uploads\/2025\/07\/vignette-full-300x244.jpg 300w, https:\/\/battleinthenord.com\/wp-content\/uploads\/2025\/07\/vignette-full-1024x833.jpg 1024w, https:\/\/battleinthenord.com\/wp-content\/uploads\/2025\/07\/vignette-full-768x625.jpg 768w, https:\/\/battleinthenord.com\/wp-content\/uploads\/2025\/07\/vignette-full-15x12.jpg 15w, https:\/\/battleinthenord.com\/wp-content\/uploads\/2025\/07\/vignette-full.jpg 1080w\" sizes=\"(max-width: 300px) 100vw, 300px\" \/><\/a>\n\t\t<\/figure>\n\t<\/div>\n<div class=\"vc_empty_space\"   style=\"height: 32px\"><span class=\"vc_empty_space_inner\"><\/span><\/div>\n\t<div  class=\"wpb_single_image wpb_content_element vc_align_left\">\n\t\t\n\t\t<figure class=\"wpb_wrapper vc_figure\">\n\t\t\t<a href=\"https:\/\/battleinthenord.com\/wp-content\/uploads\/2025\/10\/Banniere-event-BTN-3-black-lab-1024x576.jpg\" target=\"_blank\" class=\"vc_single_image-wrapper   vc_box_border_grey\"><img decoding=\"async\" width=\"300\" height=\"169\" src=\"https:\/\/battleinthenord.com\/wp-content\/uploads\/2025\/10\/Banniere-event-BTN-3-black-lab-300x169.jpg\" class=\"vc_single_image-img attachment-medium\" alt=\"\" srcset=\"https:\/\/battleinthenord.com\/wp-content\/uploads\/2025\/10\/Banniere-event-BTN-3-black-lab-300x169.jpg 300w, https:\/\/battleinthenord.com\/wp-content\/uploads\/2025\/10\/Banniere-event-BTN-3-black-lab-1024x576.jpg 1024w, https:\/\/battleinthenord.com\/wp-content\/uploads\/2025\/10\/Banniere-event-BTN-3-black-lab-768x432.jpg 768w, https:\/\/battleinthenord.com\/wp-content\/uploads\/2025\/10\/Banniere-event-BTN-3-black-lab-18x10.jpg 18w, https:\/\/battleinthenord.com\/wp-content\/uploads\/2025\/10\/Banniere-event-BTN-3-black-lab.jpg 1280w\" sizes=\"(max-width: 300px) 100vw, 300px\" \/><\/a>\n\t\t<\/figure>\n\t<\/div>\n<\/div><\/div><\/div><\/div><\/div><\/div><div class=\"vc_row wpb_row vc_row-fluid edgtf-section edgtf-content-aligment-left edgtf-grid-section\" style=\"\"><div class=\"clearfix edgtf-section-inner\"><div class=\"edgtf-section-inner-margin clearfix\"><div class=\"wpb_column vc_column_container vc_col-sm-6\"><div class=\"vc_column-inner\"><div class=\"wpb_wrapper\"><div class=\"vc_empty_space\"   style=\"height: 32px\"><span class=\"vc_empty_space_inner\"><\/span><\/div>\n\t<div  class=\"wpb_single_image wpb_content_element vc_align_left\">\n\t\t\n\t\t<figure class=\"wpb_wrapper vc_figure\">\n\t\t\t<div class=\"vc_single_image-wrapper   vc_box_border_grey\"><img decoding=\"async\" width=\"1024\" height=\"692\" src=\"https:\/\/battleinthenord.com\/wp-content\/uploads\/2025\/02\/DSC0367-1024x692.jpg\" class=\"vc_single_image-img attachment-large\" alt=\"\" srcset=\"https:\/\/battleinthenord.com\/wp-content\/uploads\/2025\/02\/DSC0367-1024x692.jpg 1024w, https:\/\/battleinthenord.com\/wp-content\/uploads\/2025\/02\/DSC0367-300x203.jpg 300w, https:\/\/battleinthenord.com\/wp-content\/uploads\/2025\/02\/DSC0367-768x519.jpg 768w, https:\/\/battleinthenord.com\/wp-content\/uploads\/2025\/02\/DSC0367-1536x1038.jpg 1536w, https:\/\/battleinthenord.com\/wp-content\/uploads\/2025\/02\/DSC0367.jpg 1920w\" sizes=\"(max-width: 1024px) 100vw, 1024px\" \/><\/div>\n\t\t<\/figure>\n\t<\/div>\n<div class=\"vc_empty_space\"   style=\"height: 32px\"><span class=\"vc_empty_space_inner\"><\/span><\/div><\/div><\/div><\/div><div class=\"wpb_column vc_column_container vc_col-sm-6\"><div class=\"vc_column-inner\"><div class=\"wpb_wrapper\"><div class=\"vc_empty_space\"   style=\"height: 32px\"><span class=\"vc_empty_space_inner\"><\/span><\/div>\n\t<div class=\"wpb_text_column wpb_content_element\" >\n\t\t<div class=\"wpb_wrapper\">\n\t\t\t<h3>Partners<\/h3>\n<p>To become a festival partner, please contact us by email at contact (a) battleinthenord.com<\/p>\n<p>Battle in the Nord is one big family. As with everything, we want a win-win relationship. We ask our partners to share as much as possible, and in exchange we promote them before, during, and after the festival.<br \/>\nWe publish focus articles on our partners on social media, present them on the website and during the festival on the giant screen between concerts and on various festival media (sidedrops, flyers, posters, etc.).<\/p>\n\n\t\t<\/div>\n\t<\/div>\n<div class=\"vc_empty_space\"   style=\"height: 32px\"><span class=\"vc_empty_space_inner\"><\/span><\/div><\/div><\/div><\/div><\/div><\/div><\/div>","protected":false},"excerpt":{"rendered":"Presse Vous pourrez trouver toutes les informations et visuels du festival sur cette page. Accr\u00e9ditation Presse Journalistes et photographes, merci de nous contacter par mail \u00e0 contact (@) battleinthenord.com en pr\u00e9cisant votre m\u00e9dia et vos besoins (interview, photo pit). Date limite de demande : 15...","protected":false},"author":1,"featured_media":0,"parent":0,"menu_order":0,"comment_status":"closed","ping_status":"closed","template":"full-width.php","meta":{"footnotes":""},"class_list":["post-9315","page","type-page","status-publish","hentry"],"_links":{"self":[{"href":"https:\/\/battleinthenord.com\/en\/wp-json\/wp\/v2\/pages\/9315","targetHints":{"allow":["GET"]}}],"collection":[{"href":"https:\/\/battleinthenord.com\/en\/wp-json\/wp\/v2\/pages"}],"about":[{"href":"https:\/\/battleinthenord.com\/en\/wp-json\/wp\/v2\/types\/page"}],"author":[{"embeddable":true,"href":"https:\/\/battleinthenord.com\/en\/wp-json\/wp\/v2\/users\/1"}],"replies":[{"embeddable":true,"href":"https:\/\/battleinthenord.com\/en\/wp-json\/wp\/v2\/comments?post=9315"}],"version-history":[{"count":15,"href":"https:\/\/battleinthenord.com\/en\/wp-json\/wp\/v2\/pages\/9315\/revisions"}],"predecessor-version":[{"id":9583,"href":"https:\/\/battleinthenord.com\/en\/wp-json\/wp\/v2\/pages\/9315\/revisions\/9583"}],"wp:attachment":[{"href":"https:\/\/battleinthenord.com\/en\/wp-json\/wp\/v2\/media?parent=9315"}],"curies":[{"name":"wp","href":"https:\/\/api.w.org\/{rel}","templated":true}]}}