{"id":9321,"date":"2025-07-05T11:28:46","date_gmt":"2025-07-05T11:28:46","guid":{"rendered":"https:\/\/battleinthenord.com\/?page_id=9321"},"modified":"2025-07-05T11:28:46","modified_gmt":"2025-07-05T11:28:46","slug":"postuler","status":"publish","type":"page","link":"https:\/\/battleinthenord.com\/en\/postuler\/","title":{"rendered":"Postuler"},"content":{"rendered":"<div data-edgtf-parallax-speed=\"1\" class=\"vc_row wpb_row vc_row-fluid edgtf-section vc_custom_1725639158113 edgtf-content-aligment-center edgtf-parallax-section-holder edgtf-parallax-section-holder-touch-disabled edgtf-grid-section\" style=\"\"><div class=\"clearfix edgtf-section-inner\"><div class=\"edgtf-section-inner-margin clearfix\"><div class=\"wpb_column vc_column_container vc_col-sm-12\"><div class=\"vc_column-inner\"><div class=\"wpb_wrapper\"><div class=\"vc_row wpb_row vc_inner vc_row-fluid edgtf-section edgtf-content-aligment-left\" style=\"\"><div class=\"edgtf-full-section-inner\"><div class=\"wpb_column vc_column_container vc_col-sm-12\"><div class=\"vc_column-inner\"><div class=\"wpb_wrapper\">\n\t<div class=\"wpb_text_column wpb_content_element\" >\n\t\t<div class=\"wpb_wrapper\">\n\t\t\t<h2>Apply for a future edition<\/h2>\n\n\t\t<\/div>\n\t<\/div>\n\n\t<div class=\"wpb_text_column wpb_content_element\" >\n\t\t<div class=\"wpb_wrapper\">\n\t\t\t<p>If you wish to apply for a future edition of Battle in the Nord, please send your application to booking (a) alkh.fr with your EPK (Electronic Press Kit), a streaming or download link, and both your hospitality and technical rider. \n\nWe do not accept self-produced bands or those without official releases.<br \/>\nWe ask that applying bands refrain from playing in the region for at least 6 months before and after the festival.<\/p>\n<p>Battle in the Nord only features Black Metal, Doom Metal and related genres. Please apply only if your band fits the programming.<\/p>\n<p>As a musical gathering, the festival is strictly apolitical.<\/p>\n\n\t\t<\/div>\n\t<\/div>\n<\/div><\/div><\/div><\/div><\/div><\/div><\/div><\/div><\/div><\/div><\/div>","protected":false},"excerpt":{"rendered":"Postuler pour une prochaine \u00e9dition Si vous souhaitez soumettre votre candidature pour une prochaine \u00e9dition du Battle in the Nord, merci de nous faire parvenir par email \u00e0 booking (a) alkh.fr votre EPK (Electronic Press Kit), un lien vers un support audio, ainsi que votre...","protected":false},"author":1,"featured_media":0,"parent":0,"menu_order":0,"comment_status":"closed","ping_status":"closed","template":"full-width.php","meta":{"footnotes":""},"class_list":["post-9321","page","type-page","status-publish","hentry"],"_links":{"self":[{"href":"https:\/\/battleinthenord.com\/en\/wp-json\/wp\/v2\/pages\/9321","targetHints":{"allow":["GET"]}}],"collection":[{"href":"https:\/\/battleinthenord.com\/en\/wp-json\/wp\/v2\/pages"}],"about":[{"href":"https:\/\/battleinthenord.com\/en\/wp-json\/wp\/v2\/types\/page"}],"author":[{"embeddable":true,"href":"https:\/\/battleinthenord.com\/en\/wp-json\/wp\/v2\/users\/1"}],"replies":[{"embeddable":true,"href":"https:\/\/battleinthenord.com\/en\/wp-json\/wp\/v2\/comments?post=9321"}],"version-history":[{"count":2,"href":"https:\/\/battleinthenord.com\/en\/wp-json\/wp\/v2\/pages\/9321\/revisions"}],"predecessor-version":[{"id":9323,"href":"https:\/\/battleinthenord.com\/en\/wp-json\/wp\/v2\/pages\/9321\/revisions\/9323"}],"wp:attachment":[{"href":"https:\/\/battleinthenord.com\/en\/wp-json\/wp\/v2\/media?parent=9321"}],"curies":[{"name":"wp","href":"https:\/\/api.w.org\/{rel}","templated":true}]}}