{"id":9410,"date":"2025-07-10T12:05:42","date_gmt":"2025-07-10T12:05:42","guid":{"rendered":"https:\/\/battleinthenord.com\/?page_id=9410"},"modified":"2025-07-10T12:06:04","modified_gmt":"2025-07-10T12:06:04","slug":"legal","status":"publish","type":"page","link":"https:\/\/battleinthenord.com\/en\/legal\/","title":{"rendered":"Mentions l\u00e9gales"},"content":{"rendered":"<div class=\"vc_row wpb_row vc_row-fluid edgtf-section edgtf-content-aligment-left\" style=\"\"><div class=\"clearfix edgtf-full-section-inner\"><div class=\"wpb_column vc_column_container vc_col-sm-2\"><div class=\"vc_column-inner\"><div class=\"wpb_wrapper\"><\/div><\/div><\/div><div class=\"wpb_column vc_column_container vc_col-sm-8 vc_col-has-fill\"><div class=\"vc_column-inner vc_custom_1752147795788\"><div class=\"wpb_wrapper\"><div class=\"vc_empty_space\"   style=\"height: 22px\"><span class=\"vc_empty_space_inner\"><\/span><\/div>\n\t<div class=\"wpb_text_column wpb_content_element\" >\n\t\t<div class=\"wpb_wrapper\">\n\t\t\t<h2>Mentions l\u00e9gales<\/h2>\n<p><strong>Conform\u00e9ment \u00e0 la loi n\u00b0 2004-575 du 21 juin 2004 pour la confiance dans l&rsquo;\u00e9conomie num\u00e9rique, il est pr\u00e9cis\u00e9 aux utilisateurs du site https:\/\/battleinthenord.com l&rsquo;identit\u00e9 des diff\u00e9rents intervenants dans le cadre de sa r\u00e9alisation et de son suivi.<\/strong><\/p>\n<h3>\u00c9diteur du site<\/h3>\n<p>Le site <strong>https:\/\/battleinthenord.com<\/strong> est \u00e9dit\u00e9 par :<br \/>\n<strong>Association ALKH<\/strong> (loi 1901 \u00e0 but non lucratif)<br \/>\nSIREN : <strong>923 665 632<\/strong><br \/>\nSi\u00e8ge social : 44 rue Guynemer, 59134 Wattignies, France<br \/>\nResponsable de publication : <strong>Anthony Labadi<\/strong><br \/>\nEmail : <a href=\"mailto:contact@battleinthenord.com\">contact@battleinthenord.com<\/a><\/p>\n<h3>H\u00e9bergement<\/h3>\n<p>Le site est h\u00e9berg\u00e9 par :<br \/>\n<strong>Hostinger International Ltd<\/strong><br \/>\nHostinger, UAB<br \/>\nJonavos g. 60C, 44192 Kaunas, Lituanie<br \/>\nSite : <a href=\"https:\/\/www.hostinger.fr\" target=\"_blank\" rel=\"noopener noreferrer\">www.hostinger.fr<\/a><\/p>\n<h3>Propri\u00e9t\u00e9 intellectuelle<\/h3>\n<p>Tous les \u00e9l\u00e9ments du site (textes, images, graphismes, logos, vid\u00e9os, musiques&#8230;) sont prot\u00e9g\u00e9s par les dispositions du Code de la propri\u00e9t\u00e9 intellectuelle. Ils sont la propri\u00e9t\u00e9 exclusive de l&rsquo;association ALKH ou de leurs auteurs respectifs. Toute reproduction, modification, diffusion ou exploitation sans autorisation \u00e9crite pr\u00e9alable est interdite.<\/p>\n<h3>Donn\u00e9es personnelles<\/h3>\n<p>Les donn\u00e9es personnelles \u00e9ventuellement collect\u00e9es via les formulaires de contact, de candidature ou d\u2019inscription sont utilis\u00e9es uniquement dans le cadre de l\u2019organisation du festival Battle in the Nord. Elles ne sont ni vendues, ni c\u00e9d\u00e9es \u00e0 des tiers.<\/p>\n<p>Conform\u00e9ment au R\u00e8glement G\u00e9n\u00e9ral sur la Protection des Donn\u00e9es (RGPD), vous disposez d\u2019un droit d\u2019acc\u00e8s, de rectification, de suppression et de portabilit\u00e9 de vos donn\u00e9es. Pour toute demande, contactez-nous \u00e0 : <a href=\"mailto:contact@battleinthenord.com\">contact@battleinthenord.com<\/a><\/p>\n<h3>Cookies<\/h3>\n<p>Le site utilise des cookies pour am\u00e9liorer votre navigation et analyser l\u2019audience. Vous pouvez g\u00e9rer votre consentement \u00e0 tout moment via le bandeau pr\u00e9vu \u00e0 cet effet. Pour plus d\u2019informations, consultez notre <a href=\"\/en\/cookie-policy\/\">Cookie policy<\/a>.<\/p>\n<h3>Responsabilit\u00e9<\/h3>\n<p>ALKH d\u00e9cline toute responsabilit\u00e9 en cas d&rsquo;erreur, d&rsquo;interruption ou d&rsquo;indisponibilit\u00e9 temporaire du site. Des liens externes peuvent \u00eatre propos\u00e9s \u00e0 titre informatif ; l&rsquo;association n&rsquo;est pas responsable du contenu des sites tiers.<\/p>\n\n\t\t<\/div>\n\t<\/div>\n<div class=\"vc_empty_space\"   style=\"height: 32px\"><span class=\"vc_empty_space_inner\"><\/span><\/div><\/div><\/div><\/div><div class=\"wpb_column vc_column_container vc_col-sm-2\"><div class=\"vc_column-inner\"><div class=\"wpb_wrapper\"><\/div><\/div><\/div><\/div><\/div>","protected":false},"excerpt":{"rendered":"Mentions l\u00e9gales Conform\u00e9ment \u00e0 la loi n\u00b0 2004-575 du 21 juin 2004 pour la confiance dans l'\u00e9conomie num\u00e9rique, il est pr\u00e9cis\u00e9 aux utilisateurs du site https:\/\/battleinthenord.com l'identit\u00e9 des diff\u00e9rents intervenants dans le cadre de sa r\u00e9alisation et de son suivi. \u00c9diteur du site Le site...","protected":false},"author":1,"featured_media":0,"parent":0,"menu_order":0,"comment_status":"closed","ping_status":"closed","template":"","meta":{"footnotes":""},"class_list":["post-9410","page","type-page","status-publish","hentry"],"_links":{"self":[{"href":"https:\/\/battleinthenord.com\/en\/wp-json\/wp\/v2\/pages\/9410","targetHints":{"allow":["GET"]}}],"collection":[{"href":"https:\/\/battleinthenord.com\/en\/wp-json\/wp\/v2\/pages"}],"about":[{"href":"https:\/\/battleinthenord.com\/en\/wp-json\/wp\/v2\/types\/page"}],"author":[{"embeddable":true,"href":"https:\/\/battleinthenord.com\/en\/wp-json\/wp\/v2\/users\/1"}],"replies":[{"embeddable":true,"href":"https:\/\/battleinthenord.com\/en\/wp-json\/wp\/v2\/comments?post=9410"}],"version-history":[{"count":3,"href":"https:\/\/battleinthenord.com\/en\/wp-json\/wp\/v2\/pages\/9410\/revisions"}],"predecessor-version":[{"id":9413,"href":"https:\/\/battleinthenord.com\/en\/wp-json\/wp\/v2\/pages\/9410\/revisions\/9413"}],"wp:attachment":[{"href":"https:\/\/battleinthenord.com\/en\/wp-json\/wp\/v2\/media?parent=9410"}],"curies":[{"name":"wp","href":"https:\/\/api.w.org\/{rel}","templated":true}]}}